{"id":44,"date":"2018-10-15T13:54:49","date_gmt":"2018-10-15T13:54:49","guid":{"rendered":"https:\/\/asobruck.ac.at\/?page_id=44"},"modified":"2023-05-23T08:25:05","modified_gmt":"2023-05-23T06:25:05","slug":"leitbild","status":"publish","type":"page","link":"https:\/\/asobruck.ac.at\/?page_id=44","title":{"rendered":"Leitbild"},"content":{"rendered":"<p>In der\u00a0<strong>Allgemeinen Sonderschule Bruck an der Leitha<\/strong>\u00a0werden Kinder und Jugendliche mit besonderen Bed\u00fcrfnissen in Kleingruppen unterrichtet.<\/p>\n<p>Sch\u00fcler:innen mit Lernschw\u00e4chen, physischen, psychischen oder kognitiven Beeintr\u00e4chtigungen und Schwierigkeiten im sozial &#8211; emotionalen Bereich werden von einem engagierten Team an Sonderschullehrer:innen, Schulassistent:innen, externen Lehrpersonen, einer Schulsozialarbeiterin und der Direktorin begleitet.<\/p>\n<p>Leistungsanforderungen werden individuell an die M\u00f6glichkeiten der einzelnen Sch\u00fcler:innen angepasst und auf die Bed\u00fcrfnisse jedes einzelnen Kindes wird eingegangen.<\/p>\n<p>Der \u00dcbertritt ins Berufsleben wird in Zusammenarbeit mit dem Jugendcoaching vorbereitet und betreut.<\/p>\n<p>Alle, die in unserer Schule lernen und arbeiten, sollen sich wohlf\u00fchlen k\u00f6nnen. Daher bem\u00fchen wir uns um einen respektvollen Umgang und eine freundliche Atmosph\u00e4re.<\/p>\n<p>Als Basis aller Lernprozesse sehen wir gelingende Beziehungsarbeit, daher ist uns die gute Zusammenarbeit mit Eltern und Erziehungsberechtigten besonders wichtig.<\/p>\n<p><strong>&#8222;Eigentlich braucht jedes Kind drei Dinge: <\/strong><strong>Es braucht Aufgaben, an denen es wachsen kann, es braucht Vorbilder, an denen es sich orientieren kann und es braucht Gemeinschaften, in denen es sich aufgehoben f\u00fchlt.\u201c<\/strong><\/p>\n<p><em><strong>Gerald H\u00fcther<\/strong><\/em><\/p>\n","protected":false},"excerpt":{"rendered":"<p>In der\u00a0Allgemeinen Sonderschule Bruck an der Leitha\u00a0werden Kinder und Jugendliche mit besonderen Bed\u00fcrfnissen in Kleingruppen unterrichtet. Sch\u00fcler:innen mit Lernschw\u00e4chen, physischen, psychischen oder kognitiven Beeintr\u00e4chtigungen und Schwierigkeiten im sozial &#8211; emotionalen Bereich werden von einem engagierten Team an Sonderschullehrer:innen, Schulassistent:innen, externen Lehrpersonen, einer Schulsozialarbeiterin und der Direktorin begleitet. Leistungsanforderungen werden individuell an die M\u00f6glichkeiten der einzelnen &hellip; <\/p>\n<p class=\"link-more\"><a href=\"https:\/\/asobruck.ac.at\/?page_id=44\" class=\"more-link\"><span class=\"screen-reader-text\">\u201eLeitbild\u201c<\/span> weiterlesen<\/a><\/p>\n","protected":false},"author":1,"featured_media":0,"parent":0,"menu_order":0,"comment_status":"closed","ping_status":"closed","template":"","meta":{"footnotes":""},"class_list":["post-44","page","type-page","status-publish","hentry"],"_links":{"self":[{"href":"https:\/\/asobruck.ac.at\/index.php?rest_route=\/wp\/v2\/pages\/44","targetHints":{"allow":["GET"]}}],"collection":[{"href":"https:\/\/asobruck.ac.at\/index.php?rest_route=\/wp\/v2\/pages"}],"about":[{"href":"https:\/\/asobruck.ac.at\/index.php?rest_route=\/wp\/v2\/types\/page"}],"author":[{"embeddable":true,"href":"https:\/\/asobruck.ac.at\/index.php?rest_route=\/wp\/v2\/users\/1"}],"replies":[{"embeddable":true,"href":"https:\/\/asobruck.ac.at\/index.php?rest_route=%2Fwp%2Fv2%2Fcomments&post=44"}],"version-history":[{"count":5,"href":"https:\/\/asobruck.ac.at\/index.php?rest_route=\/wp\/v2\/pages\/44\/revisions"}],"predecessor-version":[{"id":422,"href":"https:\/\/asobruck.ac.at\/index.php?rest_route=\/wp\/v2\/pages\/44\/revisions\/422"}],"wp:attachment":[{"href":"https:\/\/asobruck.ac.at\/index.php?rest_route=%2Fwp%2Fv2%2Fmedia&parent=44"}],"curies":[{"name":"wp","href":"https:\/\/api.w.org\/{rel}","templated":true}]}}