{"id":55,"date":"2018-10-15T13:54:49","date_gmt":"2018-10-15T13:54:49","guid":{"rendered":"https:\/\/asobruck.ac.at\/?page_id=55"},"modified":"2024-01-17T14:43:48","modified_gmt":"2024-01-17T13:43:48","slug":"impressum","status":"publish","type":"page","link":"https:\/\/asobruck.ac.at\/?page_id=55","title":{"rendered":"Impressum"},"content":{"rendered":"<p><strong>Medieninhaber<\/strong><\/p>\n<p>Allgemeine Sonderschule Bruck an der Leitha<\/p>\n<p>&nbsp;<\/p>\n<p><strong>Anschrift<\/strong><\/p>\n<p>Hauptplatz 8<\/p>\n<p>2460 Bruck an der Leitha<\/p>\n<p>Tel.: 02162 \/ 632 83<\/p>\n<p>Mail: aso.bruck-leitha@noeschule.at<\/p>\n<p>Web: asobruck.ac.at<\/p>\n<p>&nbsp;<\/p>\n<p>Unser Angebot enth\u00e4lt Links zu externen Webseiten Dritter, auf deren Inhalte wir keinen Einfluss haben. Deshalb k\u00f6nnen wir f\u00fcr diese fremden Inhalte auch keine Gew\u00e4hr \u00fcbernehmen. F\u00fcr die Inhalte der verlinkten Seiten ist stets der jeweilige Anbieter oder Betreiber der Seiten verantwortlich. Die verlinkten Seiten wurden zum Zeitpunkt der Verlinkung auf m\u00f6gliche Rechtsverst\u00f6\u00dfe \u00fcberpr\u00fcft. Rechtswidrige Inhalte waren zum Zeitpunkt der Verlinkung nicht erkennbar. Eine permanente inhaltliche Kontrolle der verlinkten Seiten ist jedoch ohne konkrete Anhaltspunkte einer Rechtsverletzung nicht zumutbar. Bei Bekanntwerden von Rechtsverletzungen werden wir derartige Links umgehend entfernen.<\/p>\n<p>Die verwendeten Fotos sowie die Inhalte sind urheberrechtlich gesch\u00fctzt.<\/p>\n","protected":false},"excerpt":{"rendered":"<p>Medieninhaber Allgemeine Sonderschule Bruck an der Leitha &nbsp; Anschrift Hauptplatz 8 2460 Bruck an der Leitha Tel.: 02162 \/ 632 83 Mail: aso.bruck-leitha@noeschule.at Web: asobruck.ac.at &nbsp; Unser Angebot enth\u00e4lt Links zu externen Webseiten Dritter, auf deren Inhalte wir keinen Einfluss haben. Deshalb k\u00f6nnen wir f\u00fcr diese fremden Inhalte auch keine Gew\u00e4hr \u00fcbernehmen. F\u00fcr die Inhalte &hellip; <\/p>\n<p class=\"link-more\"><a href=\"https:\/\/asobruck.ac.at\/?page_id=55\" class=\"more-link\"><span class=\"screen-reader-text\">\u201eImpressum\u201c<\/span> weiterlesen<\/a><\/p>\n","protected":false},"author":1,"featured_media":0,"parent":0,"menu_order":0,"comment_status":"closed","ping_status":"closed","template":"","meta":{"footnotes":""},"class_list":["post-55","page","type-page","status-publish","hentry"],"_links":{"self":[{"href":"https:\/\/asobruck.ac.at\/index.php?rest_route=\/wp\/v2\/pages\/55","targetHints":{"allow":["GET"]}}],"collection":[{"href":"https:\/\/asobruck.ac.at\/index.php?rest_route=\/wp\/v2\/pages"}],"about":[{"href":"https:\/\/asobruck.ac.at\/index.php?rest_route=\/wp\/v2\/types\/page"}],"author":[{"embeddable":true,"href":"https:\/\/asobruck.ac.at\/index.php?rest_route=\/wp\/v2\/users\/1"}],"replies":[{"embeddable":true,"href":"https:\/\/asobruck.ac.at\/index.php?rest_route=%2Fwp%2Fv2%2Fcomments&post=55"}],"version-history":[{"count":5,"href":"https:\/\/asobruck.ac.at\/index.php?rest_route=\/wp\/v2\/pages\/55\/revisions"}],"predecessor-version":[{"id":490,"href":"https:\/\/asobruck.ac.at\/index.php?rest_route=\/wp\/v2\/pages\/55\/revisions\/490"}],"wp:attachment":[{"href":"https:\/\/asobruck.ac.at\/index.php?rest_route=%2Fwp%2Fv2%2Fmedia&parent=55"}],"curies":[{"name":"wp","href":"https:\/\/api.w.org\/{rel}","templated":true}]}}