{"id":611,"date":"2024-02-29T11:52:56","date_gmt":"2024-02-29T10:52:56","guid":{"rendered":"https:\/\/asobruck.ac.at\/?page_id=611"},"modified":"2026-01-14T12:17:59","modified_gmt":"2026-01-14T11:17:59","slug":"musik-mit-angelika","status":"publish","type":"page","link":"https:\/\/asobruck.ac.at\/?page_id=611","title":{"rendered":"Musik mit Angelika"},"content":{"rendered":"\n<p>Einmal im Monat besucht uns die ausgebildete Musiktherapeutin Angelika an einem Mittwoch. Sie f\u00fchrt dann in allen Klassen etwa 30-min\u00fctige Musikeinheiten durch, in denen auf die individuellen St\u00e4rken und F\u00e4higkeiten unserer Sch\u00fcler:innen R\u00fccksicht genommen wird. Dabei werden verschiedene Rhythmen ausprobiert, unterschiedliche Instrumente erprobt und viel gelacht.<\/p>\n\n\n\n<figure class=\"wp-block-image size-large\"><img loading=\"lazy\" decoding=\"async\" width=\"1024\" height=\"472\" src=\"https:\/\/asobruck.ac.at\/wp-content\/uploads\/2026\/01\/IMG-20260114-WA0004-1024x472.jpg\" alt=\"\" class=\"wp-image-1485\" srcset=\"https:\/\/asobruck.ac.at\/wp-content\/uploads\/2026\/01\/IMG-20260114-WA0004-1024x472.jpg 1024w, https:\/\/asobruck.ac.at\/wp-content\/uploads\/2026\/01\/IMG-20260114-WA0004-300x138.jpg 300w, https:\/\/asobruck.ac.at\/wp-content\/uploads\/2026\/01\/IMG-20260114-WA0004-768x354.jpg 768w, https:\/\/asobruck.ac.at\/wp-content\/uploads\/2026\/01\/IMG-20260114-WA0004-1536x708.jpg 1536w, https:\/\/asobruck.ac.at\/wp-content\/uploads\/2026\/01\/IMG-20260114-WA0004.jpg 1600w\" sizes=\"auto, (max-width: 767px) 89vw, (max-width: 1000px) 54vw, (max-width: 1071px) 543px, 580px\" \/><\/figure>\n\n\n\n<figure class=\"wp-block-image size-large\"><img loading=\"lazy\" decoding=\"async\" width=\"768\" height=\"1024\" src=\"https:\/\/asobruck.ac.at\/wp-content\/uploads\/2024\/04\/IMG-20240411-WA0005-768x1024.jpg\" alt=\"\" class=\"wp-image-857\" srcset=\"https:\/\/asobruck.ac.at\/wp-content\/uploads\/2024\/04\/IMG-20240411-WA0005-768x1024.jpg 768w, https:\/\/asobruck.ac.at\/wp-content\/uploads\/2024\/04\/IMG-20240411-WA0005-225x300.jpg 225w, https:\/\/asobruck.ac.at\/wp-content\/uploads\/2024\/04\/IMG-20240411-WA0005-1152x1536.jpg 1152w, https:\/\/asobruck.ac.at\/wp-content\/uploads\/2024\/04\/IMG-20240411-WA0005.jpg 1536w\" sizes=\"auto, (max-width: 767px) 89vw, (max-width: 1000px) 54vw, (max-width: 1071px) 543px, 580px\" \/><\/figure>\n","protected":false},"excerpt":{"rendered":"<p>Einmal im Monat besucht uns die ausgebildete Musiktherapeutin Angelika an einem Mittwoch. Sie f\u00fchrt dann in allen Klassen etwa 30-min\u00fctige Musikeinheiten durch, in denen auf die individuellen St\u00e4rken und F\u00e4higkeiten unserer Sch\u00fcler:innen R\u00fccksicht genommen wird. Dabei werden verschiedene Rhythmen ausprobiert, unterschiedliche Instrumente erprobt und viel gelacht.<\/p>\n","protected":false},"author":2,"featured_media":0,"parent":0,"menu_order":0,"comment_status":"closed","ping_status":"closed","template":"","meta":{"footnotes":""},"class_list":["post-611","page","type-page","status-publish","hentry"],"_links":{"self":[{"href":"https:\/\/asobruck.ac.at\/index.php?rest_route=\/wp\/v2\/pages\/611","targetHints":{"allow":["GET"]}}],"collection":[{"href":"https:\/\/asobruck.ac.at\/index.php?rest_route=\/wp\/v2\/pages"}],"about":[{"href":"https:\/\/asobruck.ac.at\/index.php?rest_route=\/wp\/v2\/types\/page"}],"author":[{"embeddable":true,"href":"https:\/\/asobruck.ac.at\/index.php?rest_route=\/wp\/v2\/users\/2"}],"replies":[{"embeddable":true,"href":"https:\/\/asobruck.ac.at\/index.php?rest_route=%2Fwp%2Fv2%2Fcomments&post=611"}],"version-history":[{"count":7,"href":"https:\/\/asobruck.ac.at\/index.php?rest_route=\/wp\/v2\/pages\/611\/revisions"}],"predecessor-version":[{"id":1486,"href":"https:\/\/asobruck.ac.at\/index.php?rest_route=\/wp\/v2\/pages\/611\/revisions\/1486"}],"wp:attachment":[{"href":"https:\/\/asobruck.ac.at\/index.php?rest_route=%2Fwp%2Fv2%2Fmedia&parent=611"}],"curies":[{"name":"wp","href":"https:\/\/api.w.org\/{rel}","templated":true}]}}