{"id":619,"date":"2024-02-29T11:54:11","date_gmt":"2024-02-29T10:54:11","guid":{"rendered":"https:\/\/asobruck.ac.at\/?page_id=619"},"modified":"2026-01-14T12:28:21","modified_gmt":"2026-01-14T11:28:21","slug":"schulsozialarbeit","status":"publish","type":"page","link":"https:\/\/asobruck.ac.at\/?page_id=619","title":{"rendered":"Schulsozialarbeit"},"content":{"rendered":"\n<p>An unserem Schulstandort haben wir das Gl\u00fcck, jeden Mittwoch f\u00fcr zwei Stunden Besuch von unserer Schulsozialarbeiterin Mimi zu bekommen. Michaela &#8222;Mimi&#8220; Siebert ist eine ausgebildete Sozialarbeiterin vom Regionalentwicklungsverein R\u00f6merland Carnuntum und bietet kostenlose, niederschwellige Beratung f\u00fcr unsere Jugendlichen im Einzelsetting an.<\/p>\n\n\n\n<p>Die Sch\u00fcler:innen wissen, dass sie an diesem Tag immer bei Mimi willkommen sind \u2013 denn sie hat ein offenes Ohr f\u00fcr alle Sorgen, die unsere Sch\u00fcler:innen mitbringen und unter vier Augen besprechen wollen. Dies ist sowohl dem Lehrer:innenteam als auch den Sch\u00fcler:innen eine gro\u00dfe Unterst\u00fctzung im Schulalltag.<\/p>\n\n\n\n<hr class=\"wp-block-separator has-alpha-channel-opacity\"\/>\n\n\n\n<figure class=\"wp-block-image size-full\"><img loading=\"lazy\" decoding=\"async\" width=\"364\" height=\"386\" src=\"https:\/\/asobruck.ac.at\/wp-content\/uploads\/2026\/01\/Mimi.jpg\" alt=\"\" class=\"wp-image-1490\" srcset=\"https:\/\/asobruck.ac.at\/wp-content\/uploads\/2026\/01\/Mimi.jpg 364w, https:\/\/asobruck.ac.at\/wp-content\/uploads\/2026\/01\/Mimi-283x300.jpg 283w\" sizes=\"auto, (max-width: 364px) 100vw, 364px\" \/><\/figure>\n\n\n\n<p>Hallo, mein Name ist Michaela Siebert!<\/p>\n\n\n\n<p>Allerdings werde ich immer Mimi gerufen.<\/p>\n\n\n\n<p>Ich biete Beratung und Unterst\u00fctzung bei Sorgen, Konflikten und schwierigen Situationen im Schulalltag an.<br>Ich habe ein offenes Ohr f\u00fcr Sch\u00fcler:innen, Eltern und Lehrkr\u00e4fte.<br>Gemeinsam suchen wir nach L\u00f6sungen und neuen Perspektiven.<br>Die Gespr\u00e4che sind freiwillig, vertraulich und kostenlos.<br>Mein Ziel ist es, den Schulalltag f\u00fcr alle ein St\u00fcck leichter zu machen.<\/p>\n\n\n\n<p>Mich kann man unter dieser Nummer erreichen: 0699 \/ 1234 44 66<\/p>\n\n\n\n<p>Oder unter <a href=\"mailto:m.siebert@roemerland-carnuntum.at\">m.siebert@roemerland-carnuntum.at<\/a><\/p>\n","protected":false},"excerpt":{"rendered":"<p>An unserem Schulstandort haben wir das Gl\u00fcck, jeden Mittwoch f\u00fcr zwei Stunden Besuch von unserer Schulsozialarbeiterin Mimi zu bekommen. Michaela &#8222;Mimi&#8220; Siebert ist eine ausgebildete Sozialarbeiterin vom Regionalentwicklungsverein R\u00f6merland Carnuntum und bietet kostenlose, niederschwellige Beratung f\u00fcr unsere Jugendlichen im Einzelsetting an. Die Sch\u00fcler:innen wissen, dass sie an diesem Tag immer bei Mimi willkommen sind \u2013 &hellip; <\/p>\n<p class=\"link-more\"><a href=\"https:\/\/asobruck.ac.at\/?page_id=619\" class=\"more-link\"><span class=\"screen-reader-text\">\u201eSchulsozialarbeit\u201c<\/span> weiterlesen<\/a><\/p>\n","protected":false},"author":2,"featured_media":0,"parent":0,"menu_order":0,"comment_status":"closed","ping_status":"closed","template":"","meta":{"footnotes":""},"class_list":["post-619","page","type-page","status-publish","hentry"],"_links":{"self":[{"href":"https:\/\/asobruck.ac.at\/index.php?rest_route=\/wp\/v2\/pages\/619","targetHints":{"allow":["GET"]}}],"collection":[{"href":"https:\/\/asobruck.ac.at\/index.php?rest_route=\/wp\/v2\/pages"}],"about":[{"href":"https:\/\/asobruck.ac.at\/index.php?rest_route=\/wp\/v2\/types\/page"}],"author":[{"embeddable":true,"href":"https:\/\/asobruck.ac.at\/index.php?rest_route=\/wp\/v2\/users\/2"}],"replies":[{"embeddable":true,"href":"https:\/\/asobruck.ac.at\/index.php?rest_route=%2Fwp%2Fv2%2Fcomments&post=619"}],"version-history":[{"count":6,"href":"https:\/\/asobruck.ac.at\/index.php?rest_route=\/wp\/v2\/pages\/619\/revisions"}],"predecessor-version":[{"id":1493,"href":"https:\/\/asobruck.ac.at\/index.php?rest_route=\/wp\/v2\/pages\/619\/revisions\/1493"}],"wp:attachment":[{"href":"https:\/\/asobruck.ac.at\/index.php?rest_route=%2Fwp%2Fv2%2Fmedia&parent=619"}],"curies":[{"name":"wp","href":"https:\/\/api.w.org\/{rel}","templated":true}]}}