{"id":636,"date":"2024-02-29T11:56:29","date_gmt":"2024-02-29T10:56:29","guid":{"rendered":"https:\/\/asobruck.ac.at\/?page_id=636"},"modified":"2024-03-06T14:06:37","modified_gmt":"2024-03-06T13:06:37","slug":"gemeinsame-jause","status":"publish","type":"page","link":"https:\/\/asobruck.ac.at\/?page_id=636","title":{"rendered":"Gemeinsame gesunde Jause"},"content":{"rendered":"\n<p>Freitage stehen an unserer Schule ganz unter dem Motto \u201eWir leben gesund!\u201c. Jede Woche wird saisonales Obst und Gem\u00fcse sowie frisches Brot vom B\u00e4cker ums Eck eingekauft. Jeden Freitag ist eine andere Klasse dazu eingeteilt, die gesunde Jause vorzubereiten und herzurichten.<\/p>\n\n\n\n<p>In der gro\u00dfen Pause wird dann das Buffet er\u00f6ffnet und die Sch\u00fcler:innen d\u00fcrfen sich aussuchen, in welcher Klasse sie sich mit ihren Freund:innen treffen und gemeinsam jausnen wollen.<\/p>\n","protected":false},"excerpt":{"rendered":"<p>Freitage stehen an unserer Schule ganz unter dem Motto \u201eWir leben gesund!\u201c. Jede Woche wird saisonales Obst und Gem\u00fcse sowie frisches Brot vom B\u00e4cker ums Eck eingekauft. Jeden Freitag ist eine andere Klasse dazu eingeteilt, die gesunde Jause vorzubereiten und herzurichten. In der gro\u00dfen Pause wird dann das Buffet er\u00f6ffnet und die Sch\u00fcler:innen d\u00fcrfen sich &hellip; <\/p>\n<p class=\"link-more\"><a href=\"https:\/\/asobruck.ac.at\/?page_id=636\" class=\"more-link\"><span class=\"screen-reader-text\">\u201eGemeinsame gesunde Jause\u201c<\/span> weiterlesen<\/a><\/p>\n","protected":false},"author":2,"featured_media":0,"parent":0,"menu_order":0,"comment_status":"closed","ping_status":"closed","template":"","meta":{"footnotes":""},"class_list":["post-636","page","type-page","status-publish","hentry"],"_links":{"self":[{"href":"https:\/\/asobruck.ac.at\/index.php?rest_route=\/wp\/v2\/pages\/636","targetHints":{"allow":["GET"]}}],"collection":[{"href":"https:\/\/asobruck.ac.at\/index.php?rest_route=\/wp\/v2\/pages"}],"about":[{"href":"https:\/\/asobruck.ac.at\/index.php?rest_route=\/wp\/v2\/types\/page"}],"author":[{"embeddable":true,"href":"https:\/\/asobruck.ac.at\/index.php?rest_route=\/wp\/v2\/users\/2"}],"replies":[{"embeddable":true,"href":"https:\/\/asobruck.ac.at\/index.php?rest_route=%2Fwp%2Fv2%2Fcomments&post=636"}],"version-history":[{"count":3,"href":"https:\/\/asobruck.ac.at\/index.php?rest_route=\/wp\/v2\/pages\/636\/revisions"}],"predecessor-version":[{"id":725,"href":"https:\/\/asobruck.ac.at\/index.php?rest_route=\/wp\/v2\/pages\/636\/revisions\/725"}],"wp:attachment":[{"href":"https:\/\/asobruck.ac.at\/index.php?rest_route=%2Fwp%2Fv2%2Fmedia&parent=636"}],"curies":[{"name":"wp","href":"https:\/\/api.w.org\/{rel}","templated":true}]}}